{"id":42,"date":"2024-09-30T08:25:48","date_gmt":"2024-09-30T08:25:48","guid":{"rendered":"https:\/\/ravintolakassandra.fi\/?page_id=42"},"modified":"2026-03-05T13:24:25","modified_gmt":"2026-03-05T13:24:25","slug":"rullakebabit","status":"publish","type":"page","link":"https:\/\/ravintolakassandra.fi\/?page_id=42","title":{"rendered":"Rullakebabit"},"content":{"rendered":"\n<figure class=\"wp-block-table\"><table class=\"has-fixed-layout\"><tbody><tr><td><strong>Vain<\/strong> <strong>pepperonilla tai pekonilla <\/strong><br>Ohut leip\u00e4, kebabliha, kaalisalaatti, tomaatti,<br>suolakurkku, kastike. Ei ole tavallinen rulla.<\/td><td><strong>15,00 \u20ac<\/strong><\/td><\/tr><tr><td><strong>Extra t\u00e4ytteet<\/strong><br>Tuplaliha 5,00<br>Pepperoni 2,50<br>Pekoni 2,50<\/td><td><\/td><\/tr><\/tbody><\/table><figcaption class=\"wp-element-caption\">Erityisruokavalioista sek\u00e4 allergeeneista voi kysy\u00e4 lis\u00e4\u00e4 henkil\u00f6kunnalta<\/figcaption><\/figure>\n","protected":false},"excerpt":{"rendered":"<p>Vain pepperonilla tai pekonilla Ohut leip\u00e4, kebabliha, kaalisalaatti, tomaatti,suolakurkku, kastike. Ei ole tavallinen rulla. 15,00 \u20ac Extra t\u00e4ytteetTuplaliha 5,00Pepperoni 2,50Pekoni 2,50 Erityisruokavalioista sek\u00e4 allergeeneista voi kysy\u00e4 lis\u00e4\u00e4 henkil\u00f6kunnalta<\/p>\n","protected":false},"author":1,"featured_media":0,"parent":0,"menu_order":0,"comment_status":"closed","ping_status":"closed","template":"","meta":{"footnotes":""},"class_list":["post-42","page","type-page","status-publish","hentry"],"_links":{"self":[{"href":"https:\/\/ravintolakassandra.fi\/index.php?rest_route=\/wp\/v2\/pages\/42","targetHints":{"allow":["GET"]}}],"collection":[{"href":"https:\/\/ravintolakassandra.fi\/index.php?rest_route=\/wp\/v2\/pages"}],"about":[{"href":"https:\/\/ravintolakassandra.fi\/index.php?rest_route=\/wp\/v2\/types\/page"}],"author":[{"embeddable":true,"href":"https:\/\/ravintolakassandra.fi\/index.php?rest_route=\/wp\/v2\/users\/1"}],"replies":[{"embeddable":true,"href":"https:\/\/ravintolakassandra.fi\/index.php?rest_route=%2Fwp%2Fv2%2Fcomments&post=42"}],"version-history":[{"count":4,"href":"https:\/\/ravintolakassandra.fi\/index.php?rest_route=\/wp\/v2\/pages\/42\/revisions"}],"predecessor-version":[{"id":160,"href":"https:\/\/ravintolakassandra.fi\/index.php?rest_route=\/wp\/v2\/pages\/42\/revisions\/160"}],"wp:attachment":[{"href":"https:\/\/ravintolakassandra.fi\/index.php?rest_route=%2Fwp%2Fv2%2Fmedia&parent=42"}],"curies":[{"name":"wp","href":"https:\/\/api.w.org\/{rel}","templated":true}]}}